{"id":2053,"date":"2020-12-14T00:28:18","date_gmt":"2020-12-14T03:28:18","guid":{"rendered":"http:\/\/cufago.com.br\/site\/?page_id=2053"},"modified":"2024-05-07T19:14:46","modified_gmt":"2024-05-07T22:14:46","slug":"doacao","status":"publish","type":"page","link":"https:\/\/cufago.com.br\/site\/?page_id=2053","title":{"rendered":"Doa\u00e7\u00e3o"},"content":{"rendered":"<p><div class=\"fusion-fullwidth fullwidth-box fusion-builder-row-1 fusion-flex-container nonhundred-percent-fullwidth non-hundred-percent-height-scrolling\" style=\"background-color: #ffffff;background-position: left top;background-repeat: no-repeat;border-width: 0px 0px 0px 0px;border-color:#e7e4e2;border-style:solid;\" ><div class=\"fusion-builder-row fusion-row fusion-flex-align-items-flex-start\" style=\"max-width:1331.2px;margin-left: calc(-4% \/ 2 );margin-right: calc(-4% \/ 2 );\"><div class=\"fusion-layout-column fusion_builder_column fusion-builder-column-0 fusion_builder_column_2_5 2_5 fusion-flex-column\"><div class=\"fusion-column-wrapper fusion-flex-justify-content-center fusion-content-layout-column\" style=\"background-position:left top;background-repeat:no-repeat;-webkit-background-size:cover;-moz-background-size:cover;-o-background-size:cover;background-size:cover;padding: 0px 0px 0px 0px;\"><div ><span class=\" fusion-imageframe imageframe-none imageframe-1 hover-type-none\"><img width=\"1000\" height=\"566\" title=\"banner-pequeno-doacao\" src=\"http:\/\/cufago.com.br\/site\/wp-content\/uploads\/2020\/12\/banner-pequeno-doacao.png\" class=\"img-responsive wp-image-2060\" srcset=\"https:\/\/cufago.com.br\/site\/wp-content\/uploads\/2020\/12\/banner-pequeno-doacao-200x113.png 200w, https:\/\/cufago.com.br\/site\/wp-content\/uploads\/2020\/12\/banner-pequeno-doacao-400x226.png 400w, https:\/\/cufago.com.br\/site\/wp-content\/uploads\/2020\/12\/banner-pequeno-doacao-600x340.png 600w, https:\/\/cufago.com.br\/site\/wp-content\/uploads\/2020\/12\/banner-pequeno-doacao-800x453.png 800w, https:\/\/cufago.com.br\/site\/wp-content\/uploads\/2020\/12\/banner-pequeno-doacao.png 1000w\" sizes=\"(max-width: 1024px) 100vw, (max-width: 640px) 100vw, 600px\" \/><\/span><\/div><\/div><\/div><style type=\"text\/css\">.fusion-body .fusion-builder-column-0{width:40% !important;margin-top : 5%;margin-bottom : 40px;}.fusion-builder-column-0 > .fusion-column-wrapper {padding-top : 0px !important;padding-right : 0px !important;margin-right : 4.8%;padding-bottom : 0px !important;padding-left : 0px !important;margin-left : 4.8%;}@media only screen and (max-width:1024px) {.fusion-body .fusion-builder-column-0{width:100% !important;}.fusion-builder-column-0 > .fusion-column-wrapper {margin-right : 1.92%;margin-left : 1.92%;}}@media only screen and (max-width:640px) {.fusion-body .fusion-builder-column-0{width:100% !important;}.fusion-builder-column-0 > .fusion-column-wrapper {margin-right : 1.92%;margin-left : 1.92%;}}<\/style><div class=\"fusion-layout-column fusion_builder_column fusion-builder-column-1 fusion_builder_column_3_5 3_5 fusion-flex-column\"><div class=\"fusion-column-wrapper fusion-flex-justify-content-center fusion-content-layout-column\" style=\"background-position:left top;background-repeat:no-repeat;-webkit-background-size:cover;-moz-background-size:cover;-o-background-size:cover;background-size:cover;padding: 0px 0px 0px 0px;\"><style type=\"text\/css\">@media only screen and (max-width:1024px) {.fusion-title.fusion-title-1{margin-top:30px!important;margin-bottom:20px!important;}}@media only screen and (max-width:640px) {.fusion-title.fusion-title-1{margin-top:10px!important;margin-bottom:20px!important;}}<\/style><div class=\"fusion-title title fusion-title-1 fusion-sep-none fusion-title-text fusion-title-size-three\" style=\"margin-top:30px;margin-bottom:20px;\"><h3 class=\"title-heading-left\" style=\"margin:0;\">DOA\u00c7\u00c3O INSTITUCIONAL<\/h3><\/div><div class=\"fusion-text fusion-text-1\"><p>Atrav\u00e9s de a\u00e7\u00f5es de impacto social nas mais diversas \u00e1reas, conseguimos auxiliar e proporcionar uma vida melhor a populacao das favelas e comunidades.<\/p>\n<p>Siga contribuindo com as A\u00e7\u00f5es Humanit\u00e1rias da CUFA GO, sua doa\u00e7\u00e3o \u00e9 muito importante para que as a\u00e7\u00f5es continuem, seguem os dados banc\u00e1rios para doa\u00e7\u00f5es:<\/p>\n<p><strong>CUFA GO<\/strong><br \/>\n<strong>Banco:<\/strong> 756 &#8211; Sicoob Secovicred<br \/>\n<strong>Age\u0302ncia:<\/strong> 3333<br \/>\n<strong>Conta corrente:<\/strong> 22.223-2<br \/>\n<strong>CNPJ: <\/strong>37.696.698\/0001-31<br \/>\n<b>CHAVE PIX (EMAIL):<\/b> doacoes@cufago.org.br<\/p>\n<p><em>Ajude a CUFA GO a manter as suas a\u00e7\u00f5es!<\/em><\/p>\n<\/div><div ><span class=\" fusion-imageframe imageframe-none imageframe-2 hover-type-none\"><a class=\"fusion-no-lightbox\" href=\"https:\/\/cufago.transforme.tech\/doeagora\/483\" target=\"_blank\" aria-label=\"doacao-forma-de-pagamento-v3\" rel=\"noopener noreferrer\"><img width=\"749\" height=\"141\" src=\"https:\/\/cufago.com.br\/site\/wp-content\/uploads\/2022\/05\/doacao-forma-de-pagamento-v3.png\" class=\"img-responsive wp-image-3187\" srcset=\"https:\/\/cufago.com.br\/site\/wp-content\/uploads\/2022\/05\/doacao-forma-de-pagamento-v3-200x38.png 200w, https:\/\/cufago.com.br\/site\/wp-content\/uploads\/2022\/05\/doacao-forma-de-pagamento-v3-400x75.png 400w, https:\/\/cufago.com.br\/site\/wp-content\/uploads\/2022\/05\/doacao-forma-de-pagamento-v3-600x113.png 600w, https:\/\/cufago.com.br\/site\/wp-content\/uploads\/2022\/05\/doacao-forma-de-pagamento-v3.png 749w\" sizes=\"(max-width: 1024px) 100vw, (max-width: 640px) 100vw, 749px\" \/><\/a><\/span><\/div><\/div><\/div><style type=\"text\/css\">.fusion-body .fusion-builder-column-1{width:60% !important;margin-top : 10px;margin-bottom : 10px;}.fusion-builder-column-1 > .fusion-column-wrapper {padding-top : 0px !important;padding-right : 0px !important;margin-right : 6.4%;padding-bottom : 0px !important;padding-left : 0px !important;margin-left : 3.2%;}@media only screen and (max-width:1024px) {.fusion-body .fusion-builder-column-1{width:100% !important;}.fusion-builder-column-1 > .fusion-column-wrapper {margin-right : 1.92%;margin-left : 1.92%;}}@media only screen and (max-width:640px) {.fusion-body .fusion-builder-column-1{width:100% !important;}.fusion-builder-column-1 > .fusion-column-wrapper {margin-right : 1.92%;margin-left : 1.92%;}}<\/style><\/div><style type=\"text\/css\">.fusion-body .fusion-flex-container.fusion-builder-row-1{ padding-top : 90px;margin-top : 0px;padding-right : 0px;padding-bottom : 3.5%;margin-bottom : 0px;padding-left : 0px;}<\/style><\/div><div class=\"fusion-fullwidth fullwidth-box fusion-builder-row-2 fusion-flex-container nonhundred-percent-fullwidth non-hundred-percent-height-scrolling\" style=\"background-color: #333c4e;background-position: left top;background-repeat: no-repeat;border-width: 0px 0px 0px 0px;border-color:#e7e4e2;border-style:solid;\" ><div class=\"fusion-builder-row fusion-row fusion-flex-align-items-flex-start\" style=\"max-width:calc( 1280px + 0px );margin-left: calc(-0px \/ 2 );margin-right: calc(-0px \/ 2 );\"><div class=\"fusion-layout-column fusion_builder_column fusion-builder-column-2 fusion_builder_column_1_1 1_1 fusion-flex-column fusion-flex-align-self-flex-start fusion-column-no-min-height\"><div class=\"fusion-column-wrapper fusion-flex-justify-content-flex-start fusion-content-layout-column\" style=\"background-position:left top;background-repeat:no-repeat;-webkit-background-size:cover;-moz-background-size:cover;-o-background-size:cover;background-size:cover;padding: 0px 0px 0px 0px;\"><style type=\"text\/css\">.fusion-title.fusion-title-2 svg path{stroke-width:9!important}@media only screen and (max-width:1024px) {.fusion-title.fusion-title-2{margin-top:10px!important;margin-bottom:40px!important;}}@media only screen and (max-width:640px) {.fusion-title.fusion-title-2{margin-top:10px!important;margin-bottom:20px!important;}}<\/style><div class=\"fusion-title title fusion-title-2 fusion-sep-none fusion-title-center fusion-title-highlight fusion-loop-off fusion-highlight-double fusion-title-size-two\" style=\"margin-top:10px;margin-bottom:40px;\" data-highlight=\"double\"><h2 class=\"title-heading-center\" style=\"margin:0;color:#ffffff;\"><span class=\"fusion-highlighted-text-prefix\">Organiza\u00e7\u00e3o reconhecida a mais<\/span> <span class=\"fusion-highlighted-text-wrapper\"><span class=\"fusion-highlighted-text\" style=\"color:#f09a3e;\">de 25 anos,<\/span><\/span> <span class=\"fusion-highlighted-text-postfix\"> nacional e internacionalmente.<\/span><\/h2><\/div><div class=\"fusion-separator fusion-full-width-sep\" style=\"align-self: center;margin-left: auto;margin-right: auto;margin-top:-25px;width:100%;\"><\/div><div class=\"fusion-text fusion-text-2\"><p style=\"text-align: center; font-size: 20px;\">Cufa Goi\u00e1s a plataforma de potencializar as favelas.<\/p>\n<p style=\"text-align: center; font-size: 20px;\">Favela n\u00e3o \u00e9 car\u00eancia, favela \u00e9 pot\u00eancia.<\/p>\n<\/div><div class=\"fusion-separator fusion-full-width-sep\" style=\"align-self: center;margin-left: auto;margin-right: auto;margin-top:15px;width:100%;\"><\/div><\/div><\/div><style type=\"text\/css\">.fusion-body .fusion-builder-column-2{width:100% !important;margin-top : 3%;margin-bottom : 3%;}.fusion-builder-column-2 > .fusion-column-wrapper {padding-top : 0px !important;padding-right : 0px !important;margin-right : 0px;padding-bottom : 0px !important;padding-left : 0px !important;margin-left : 0px;}@media only screen and (max-width:1024px) {.fusion-body .fusion-builder-column-2{width:100% !important;}.fusion-builder-column-2 > .fusion-column-wrapper {margin-right : 0px;margin-left : 0px;}}@media only screen and (max-width:640px) {.fusion-body .fusion-builder-column-2{width:100% !important;}.fusion-builder-column-2 > .fusion-column-wrapper {margin-right : 0px;margin-left : 0px;}}<\/style><\/div><style type=\"text\/css\">.fusion-body .fusion-flex-container.fusion-builder-row-2{ padding-top : 50px;margin-top : 0px;padding-right : 0px;padding-bottom : 45px;margin-bottom : 0px;padding-left : 0px;}@media only screen and (max-width:640px) {.fusion-body .fusion-flex-container.fusion-builder-row-2{ padding-right : 50px;padding-left : 50px;}}<\/style><\/div>\n<\/p>\n","protected":false},"excerpt":{"rendered":"","protected":false},"author":2,"featured_media":0,"parent":0,"menu_order":0,"comment_status":"closed","ping_status":"closed","template":"100-width.php","meta":[],"_links":{"self":[{"href":"https:\/\/cufago.com.br\/site\/index.php?rest_route=\/wp\/v2\/pages\/2053"}],"collection":[{"href":"https:\/\/cufago.com.br\/site\/index.php?rest_route=\/wp\/v2\/pages"}],"about":[{"href":"https:\/\/cufago.com.br\/site\/index.php?rest_route=\/wp\/v2\/types\/page"}],"author":[{"embeddable":true,"href":"https:\/\/cufago.com.br\/site\/index.php?rest_route=\/wp\/v2\/users\/2"}],"replies":[{"embeddable":true,"href":"https:\/\/cufago.com.br\/site\/index.php?rest_route=%2Fwp%2Fv2%2Fcomments&post=2053"}],"version-history":[{"count":16,"href":"https:\/\/cufago.com.br\/site\/index.php?rest_route=\/wp\/v2\/pages\/2053\/revisions"}],"predecessor-version":[{"id":5040,"href":"https:\/\/cufago.com.br\/site\/index.php?rest_route=\/wp\/v2\/pages\/2053\/revisions\/5040"}],"wp:attachment":[{"href":"https:\/\/cufago.com.br\/site\/index.php?rest_route=%2Fwp%2Fv2%2Fmedia&parent=2053"}],"curies":[{"name":"wp","href":"https:\/\/api.w.org\/{rel}","templated":true}]}}