{"id":2754,"date":"2021-10-04T19:11:46","date_gmt":"2021-10-04T22:11:46","guid":{"rendered":"http:\/\/cufago.com.br\/site\/?page_id=2754"},"modified":"2023-06-15T10:57:36","modified_gmt":"2023-06-15T13:57:36","slug":"a-cufa-goias-3-3","status":"publish","type":"page","link":"https:\/\/cufago.com.br\/site\/?page_id=2754","title":{"rendered":"Ta\u00e7a das Favelas GO 2021 &#8211; Inscri\u00e7\u00e3o das Peneiras"},"content":{"rendered":"<p><div class=\"fusion-fullwidth fullwidth-box fusion-builder-row-1 fusion-flex-container nonhundred-percent-fullwidth non-hundred-percent-height-scrolling\" style=\"background-color: rgba(255,255,255,0);background-position: left top;background-repeat: no-repeat;border-width: 0px 0px 0px 0px;border-color:#e7e4e2;border-style:solid;\" ><div class=\"fusion-builder-row fusion-row fusion-flex-align-items-flex-start\" style=\"max-width:1331.2px;margin-left: calc(-4% \/ 2 );margin-right: calc(-4% \/ 2 );\"><div class=\"fusion-layout-column fusion_builder_column fusion-builder-column-0 fusion_builder_column_1_6 1_6 fusion-flex-column fusion-no-small-visibility\"><div class=\"fusion-column-wrapper fusion-flex-justify-content-flex-start fusion-content-layout-column\" style=\"background-position:left top;background-repeat:no-repeat;-webkit-background-size:cover;-moz-background-size:cover;-o-background-size:cover;background-size:cover;padding: 0px 0px 0px 0px;\"><\/div><\/div><style type=\"text\/css\">.fusion-body .fusion-builder-column-0{width:16.6666666667% !important;margin-top : 10px;margin-bottom : 10px;}.fusion-builder-column-0 > .fusion-column-wrapper {padding-top : 0px !important;padding-right : 0px !important;margin-right : 11.52%;padding-bottom : 0px !important;padding-left : 0px !important;margin-left : 11.52%;}@media only screen and (max-width:1024px) {.fusion-body .fusion-builder-column-0{width:100% !important;}.fusion-builder-column-0 > .fusion-column-wrapper {margin-right : 1.92%;margin-left : 1.92%;}}@media only screen and (max-width:640px) {.fusion-body .fusion-builder-column-0{width:100% !important;}.fusion-builder-column-0 > .fusion-column-wrapper {margin-right : 1.92%;margin-left : 1.92%;}}<\/style><div class=\"fusion-layout-column fusion_builder_column fusion-builder-column-1 fusion_builder_column_2_3 2_3 fusion-flex-column\"><div class=\"fusion-column-wrapper fusion-flex-justify-content-flex-start fusion-content-layout-column\" style=\"background-position:left top;background-repeat:no-repeat;-webkit-background-size:cover;-moz-background-size:cover;-o-background-size:cover;background-size:cover;padding: 0px 0px 0px 0px;\"><div style=\"text-align:center;\"><span class=\" fusion-imageframe imageframe-none imageframe-1 hover-type-none\" style=\"margin-bottom:32px;\"><a class=\"fusion-no-lightbox\" href=\"https:\/\/bit.ly\/39rvojm\" target=\"_blank\" aria-label=\"logo-menor\" rel=\"noopener noreferrer\"><img width=\"103\" height=\"89\" src=\"http:\/\/cufago.com.br\/site\/wp-content\/uploads\/2020\/12\/logo-menor.png\" class=\"img-responsive wp-image-1970\"\/><\/a><\/span><\/div><style type=\"text\/css\">@media only screen and (max-width:1024px) {.fusion-title.fusion-title-1{margin-top:0px!important;margin-bottom:20px!important;}}@media only screen and (max-width:640px) {.fusion-title.fusion-title-1{margin-top:10px!important;margin-bottom:20px!important;}}<\/style><div class=\"fusion-title title fusion-title-1 fusion-sep-none fusion-title-center fusion-title-text fusion-title-size-two\" style=\"margin-top:0px;margin-bottom:20px;\"><h2 class=\"title-heading-center\" style=\"margin:0;\">TA\u00c7A DAS FAVELAS GOI\u00c1S &#8211; 2021<\/h2><\/div><div class=\"fusion-separator\" style=\"align-self: center;margin-left: auto;margin-right: auto;margin-top:15px;margin-bottom:35px;width:100%;max-width:170px;\"><div class=\"fusion-separator-border sep-single sep-solid\" style=\"border-color:#ef9a3d;border-top-width:1px;\"><\/div><\/div><\/div><\/div><style type=\"text\/css\">.fusion-body .fusion-builder-column-1{width:66.6666666667% !important;margin-top : 10px;margin-bottom : 30px;}.fusion-builder-column-1 > .fusion-column-wrapper {padding-top : 0px !important;padding-right : 0px !important;margin-right : 2.88%;padding-bottom : 0px !important;padding-left : 0px !important;margin-left : 2.88%;}@media only screen and (max-width:1024px) {.fusion-body .fusion-builder-column-1{width:100% !important;}.fusion-builder-column-1 > .fusion-column-wrapper {margin-right : 1.92%;margin-left : 1.92%;}}@media only screen and (max-width:640px) {.fusion-body .fusion-builder-column-1{width:100% !important;}.fusion-builder-column-1 > .fusion-column-wrapper {margin-right : 1.92%;margin-left : 1.92%;}}<\/style><div class=\"fusion-layout-column fusion_builder_column fusion-builder-column-2 fusion_builder_column_1_6 1_6 fusion-flex-column fusion-no-small-visibility\"><div class=\"fusion-column-wrapper fusion-flex-justify-content-flex-start fusion-content-layout-column\" style=\"background-position:left top;background-repeat:no-repeat;-webkit-background-size:cover;-moz-background-size:cover;-o-background-size:cover;background-size:cover;padding: 0px 0px 0px 0px;\"><div class=\"fusion-separator fusion-full-width-sep\" style=\"align-self: center;margin-left: auto;margin-right: auto;margin-top:20px;width:100%;\"><\/div><\/div><\/div><style type=\"text\/css\">.fusion-body .fusion-builder-column-2{width:16.6666666667% !important;margin-top : 10px;margin-bottom : 10px;}.fusion-builder-column-2 > .fusion-column-wrapper {padding-top : 0px !important;padding-right : 0px !important;margin-right : 11.52%;padding-bottom : 0px !important;padding-left : 0px !important;margin-left : 11.52%;}@media only screen and (max-width:1024px) {.fusion-body .fusion-builder-column-2{width:100% !important;}.fusion-builder-column-2 > .fusion-column-wrapper {margin-right : 1.92%;margin-left : 1.92%;}}@media only screen and (max-width:640px) {.fusion-body .fusion-builder-column-2{width:100% !important;}.fusion-builder-column-2 > .fusion-column-wrapper {margin-right : 1.92%;margin-left : 1.92%;}}<\/style><\/div><style type=\"text\/css\">.fusion-body .fusion-flex-container.fusion-builder-row-1{ padding-top : 90px;margin-top : 0px;padding-right : 0px;padding-bottom : 40px;margin-bottom : 0px;padding-left : 0px;}@media only screen and (max-width:1024px) {.fusion-body .fusion-flex-container.fusion-builder-row-1{ padding-top : 60px;}}<\/style><\/div><div class=\"fusion-fullwidth fullwidth-box fusion-builder-row-2 fusion-flex-container nonhundred-percent-fullwidth non-hundred-percent-height-scrolling\" style=\"background-color: rgba(255,255,255,0);background-position: left top;background-repeat: no-repeat;border-width: 0px 0px 0px 0px;border-color:#e7e4e2;border-style:solid;\" ><div class=\"fusion-builder-row fusion-row fusion-flex-align-items-flex-start\" style=\"max-width:1331.2px;margin-left: calc(-4% \/ 2 );margin-right: calc(-4% \/ 2 );\"><div class=\"fusion-layout-column fusion_builder_column fusion-builder-column-3 fusion_builder_column_1_2 1_2 fusion-flex-column\"><div class=\"fusion-column-wrapper fusion-flex-justify-content-flex-start fusion-content-layout-column\" style=\"background-position:left top;background-repeat:no-repeat;-webkit-background-size:cover;-moz-background-size:cover;-o-background-size:cover;background-size:cover;padding: 0px 0px 0px 0px;\"><div class=\"fusion-text fusion-text-1\"><p><video src=\"http:\/\/cufago.com.br\/site\/wp-content\/uploads\/2021\/10\/VIDEO-2021-10-22-08-20-15.mp4\" controls=\"controls\" width=\"100%\" height=\"100%\"><\/video><\/p>\n<\/div><div class=\"fusion-text fusion-text-2\"><p>A ta\u00e7a das favelas tem o objetivo principal de contribuir para a promo\u00e7\u00e3o da inclus\u00e3o social atrav\u00e9s do esporte, influenciando positivamente a realidade de crian\u00e7as e jovens brasileiros.<\/p>\n<p>Essa competi\u00e7\u00e3o acontece em Goi\u00e1s pela segunda vez com expectativa de grande sucesso, assim como foi a primeira edi\u00e7\u00e3o em 2019.<\/p>\n<p>\u201cA ta\u00e7a das favelas \u00e9 uma grande mobiliza\u00e7\u00e3o social atrav\u00e9s do esporte gerando oportunidade para que jovens das periferias possam experimentar uma inclus\u00e3o social na sociedade usando a ferramenta e a linguagem universal que \u00e9 o futebol, gerando visibilidade a pessoas invis\u00edveis e esse \u00e9 um grande papel da CUFA GO\u201d, ressalta Breno Cardoso, presidente da Cufa Goi\u00e1s.<\/p>\n<\/div><div style=\"text-align:left;\"><span class=\" fusion-imageframe imageframe-none imageframe-2 hover-type-none\"><a class=\"fusion-no-lightbox\" href=\"https:\/\/cufago.transforme.tech\/doeagora\/657\" target=\"_blank\" aria-label=\"doacao-forma-de-pagamento-v3\" rel=\"noopener noreferrer\"><img width=\"749\" height=\"141\" src=\"https:\/\/cufago.com.br\/site\/wp-content\/uploads\/2022\/05\/doacao-forma-de-pagamento-v3.png\" class=\"img-responsive wp-image-3187\" srcset=\"https:\/\/cufago.com.br\/site\/wp-content\/uploads\/2022\/05\/doacao-forma-de-pagamento-v3-200x38.png 200w, https:\/\/cufago.com.br\/site\/wp-content\/uploads\/2022\/05\/doacao-forma-de-pagamento-v3-400x75.png 400w, https:\/\/cufago.com.br\/site\/wp-content\/uploads\/2022\/05\/doacao-forma-de-pagamento-v3-600x113.png 600w, https:\/\/cufago.com.br\/site\/wp-content\/uploads\/2022\/05\/doacao-forma-de-pagamento-v3.png 749w\" sizes=\"(max-width: 1024px) 100vw, (max-width: 640px) 100vw, 749px\" \/><\/a><\/span><\/div><\/div><\/div><style type=\"text\/css\">.fusion-body .fusion-builder-column-3{width:50% !important;margin-top : 10px;margin-bottom : 30px;}.fusion-builder-column-3 > .fusion-column-wrapper {padding-top : 0px !important;padding-right : 0px !important;margin-right : 3.84%;padding-bottom : 0px !important;padding-left : 0px !important;margin-left : 3.84%;}@media only screen and (max-width:1024px) {.fusion-body .fusion-builder-column-3{width:100% !important;}.fusion-builder-column-3 > .fusion-column-wrapper {margin-right : 1.92%;margin-left : 1.92%;}}@media only screen and (max-width:640px) {.fusion-body .fusion-builder-column-3{width:100% !important;}.fusion-builder-column-3 > .fusion-column-wrapper {margin-right : 1.92%;margin-left : 1.92%;}}<\/style><div class=\"fusion-layout-column fusion_builder_column fusion-builder-column-4 fusion_builder_column_1_2 1_2 fusion-flex-column\"><div class=\"fusion-column-wrapper fusion-flex-justify-content-flex-start fusion-content-layout-column\" style=\"background-position:left top;background-repeat:no-repeat;-webkit-background-size:cover;-moz-background-size:cover;-o-background-size:cover;background-size:cover;padding: 0px 0px 0px 0px;\"><div class=\"fusion-separator fusion-full-width-sep\" style=\"align-self: center;margin-left: auto;margin-right: auto;margin-top:30px;width:100%;\"><\/div><div style=\"text-align:center;\"><span class=\" fusion-imageframe imageframe-none imageframe-3 hover-type-none\"><a class=\"fusion-no-lightbox\" href=\"https:\/\/cufago.com.br\/temp\/regulamento-taca-das-favelas-go-2021.pdf\" target=\"_blank\" aria-label=\"img-regulamento\" rel=\"noopener noreferrer\"><img width=\"236\" height=\"239\" src=\"http:\/\/cufago.com.br\/site\/wp-content\/uploads\/2021\/10\/img-regulamento.png\" class=\"img-responsive wp-image-2809\" srcset=\"https:\/\/cufago.com.br\/site\/wp-content\/uploads\/2021\/10\/img-regulamento-200x203.png 200w, https:\/\/cufago.com.br\/site\/wp-content\/uploads\/2021\/10\/img-regulamento.png 236w\" sizes=\"(max-width: 1024px) 100vw, (max-width: 640px) 100vw, 236px\" \/><\/a><\/span><\/div><\/div><\/div><style type=\"text\/css\">.fusion-body .fusion-builder-column-4{width:50% !important;margin-top : 10px;margin-bottom : 30px;}.fusion-builder-column-4 > .fusion-column-wrapper {padding-top : 0px !important;padding-right : 0px !important;margin-right : 3.84%;padding-bottom : 0px !important;padding-left : 0px !important;margin-left : 3.84%;}@media only screen and (max-width:1024px) {.fusion-body .fusion-builder-column-4{width:100% !important;order : 0;}.fusion-builder-column-4 > .fusion-column-wrapper {margin-right : 1.92%;margin-left : 1.92%;}}@media only screen and (max-width:640px) {.fusion-body .fusion-builder-column-4{width:100% !important;order : 0;}.fusion-builder-column-4 > .fusion-column-wrapper {margin-right : 1.92%;margin-left : 1.92%;}}<\/style><\/div><style type=\"text\/css\">.fusion-body .fusion-flex-container.fusion-builder-row-2{ padding-top : 90px;margin-top : 0px;padding-right : 0px;padding-bottom : 40px;margin-bottom : 0px;padding-left : 0px;}@media only screen and (max-width:1024px) {.fusion-body .fusion-flex-container.fusion-builder-row-2{ padding-top : 60px;}}<\/style><\/div><\/p>\n","protected":false},"excerpt":{"rendered":"","protected":false},"author":2,"featured_media":0,"parent":0,"menu_order":0,"comment_status":"closed","ping_status":"closed","template":"100-width.php","meta":[],"_links":{"self":[{"href":"https:\/\/cufago.com.br\/site\/index.php?rest_route=\/wp\/v2\/pages\/2754"}],"collection":[{"href":"https:\/\/cufago.com.br\/site\/index.php?rest_route=\/wp\/v2\/pages"}],"about":[{"href":"https:\/\/cufago.com.br\/site\/index.php?rest_route=\/wp\/v2\/types\/page"}],"author":[{"embeddable":true,"href":"https:\/\/cufago.com.br\/site\/index.php?rest_route=\/wp\/v2\/users\/2"}],"replies":[{"embeddable":true,"href":"https:\/\/cufago.com.br\/site\/index.php?rest_route=%2Fwp%2Fv2%2Fcomments&post=2754"}],"version-history":[{"count":14,"href":"https:\/\/cufago.com.br\/site\/index.php?rest_route=\/wp\/v2\/pages\/2754\/revisions"}],"predecessor-version":[{"id":2768,"href":"https:\/\/cufago.com.br\/site\/index.php?rest_route=\/wp\/v2\/pages\/2754\/revisions\/2768"}],"wp:attachment":[{"href":"https:\/\/cufago.com.br\/site\/index.php?rest_route=%2Fwp%2Fv2%2Fmedia&parent=2754"}],"curies":[{"name":"wp","href":"https:\/\/api.w.org\/{rel}","templated":true}]}}