{"id":2995,"date":"2022-04-19T19:01:53","date_gmt":"2022-04-19T22:01:53","guid":{"rendered":"https:\/\/cufago.com.br\/site\/?page_id=2995"},"modified":"2022-05-24T09:07:10","modified_gmt":"2022-05-24T12:07:10","slug":"doacao-2","status":"publish","type":"page","link":"https:\/\/cufago.com.br\/site\/?page_id=2995","title":{"rendered":"CUFA Contra a Dengue"},"content":{"rendered":"<p><div class=\"fusion-fullwidth fullwidth-box fusion-builder-row-1 fusion-flex-container nonhundred-percent-fullwidth non-hundred-percent-height-scrolling\" style=\"background-color: #ffffff;background-position: left top;background-repeat: no-repeat;border-width: 0px 0px 0px 0px;border-color:#e7e4e2;border-style:solid;\" ><div class=\"fusion-builder-row fusion-row fusion-flex-align-items-flex-start\" style=\"max-width:1331.2px;margin-left: calc(-4% \/ 2 );margin-right: calc(-4% \/ 2 );\"><div class=\"fusion-layout-column fusion_builder_column fusion-builder-column-0 fusion_builder_column_2_5 2_5 fusion-flex-column\"><div class=\"fusion-column-wrapper fusion-flex-justify-content-flex-start fusion-content-layout-column\" style=\"background-position:left top;background-repeat:no-repeat;-webkit-background-size:cover;-moz-background-size:cover;-o-background-size:cover;background-size:cover;padding: 0px 0px 0px 0px;\"><div class=\"fusion-image-carousel fusion-image-carousel-auto lightbox-enabled\"><div class=\"fusion-carousel\" data-autoplay=\"yes\" data-columns=\"1\" data-itemmargin=\"0\" data-itemwidth=\"180\" data-touchscroll=\"yes\" data-imagesize=\"auto\"><div class=\"fusion-carousel-positioner\"><ul class=\"fusion-carousel-holder\"><li class=\"fusion-carousel-item\"><div class=\"fusion-carousel-item-wrapper\"><div class=\"fusion-image-wrapper hover-type-zoomin\"><img width=\"800\" height=\"600\" src=\"https:\/\/cufago.com.br\/site\/wp-content\/uploads\/2022\/04\/cufa-contra-dengue_0002_twsceq3.jpg\" class=\"attachment-full size-full\" alt=\"\" srcset=\"https:\/\/cufago.com.br\/site\/wp-content\/uploads\/2022\/04\/cufa-contra-dengue_0002_twsceq3-200x150.jpg 200w, https:\/\/cufago.com.br\/site\/wp-content\/uploads\/2022\/04\/cufa-contra-dengue_0002_twsceq3-300x225.jpg 300w, https:\/\/cufago.com.br\/site\/wp-content\/uploads\/2022\/04\/cufa-contra-dengue_0002_twsceq3-400x300.jpg 400w, https:\/\/cufago.com.br\/site\/wp-content\/uploads\/2022\/04\/cufa-contra-dengue_0002_twsceq3-600x450.jpg 600w, https:\/\/cufago.com.br\/site\/wp-content\/uploads\/2022\/04\/cufa-contra-dengue_0002_twsceq3-768x576.jpg 768w, https:\/\/cufago.com.br\/site\/wp-content\/uploads\/2022\/04\/cufa-contra-dengue_0002_twsceq3.jpg 800w\" sizes=\"(max-width: 800px) 100vw, 800px\" \/><\/div><\/div><\/li><li class=\"fusion-carousel-item\"><div class=\"fusion-carousel-item-wrapper\"><div class=\"fusion-image-wrapper hover-type-zoomin\"><img width=\"800\" height=\"600\" src=\"https:\/\/cufago.com.br\/site\/wp-content\/uploads\/2022\/04\/cufa-contra-dengue_0001_essej48.jpg\" class=\"attachment-full size-full\" alt=\"\" srcset=\"https:\/\/cufago.com.br\/site\/wp-content\/uploads\/2022\/04\/cufa-contra-dengue_0001_essej48-200x150.jpg 200w, https:\/\/cufago.com.br\/site\/wp-content\/uploads\/2022\/04\/cufa-contra-dengue_0001_essej48-300x225.jpg 300w, https:\/\/cufago.com.br\/site\/wp-content\/uploads\/2022\/04\/cufa-contra-dengue_0001_essej48-400x300.jpg 400w, https:\/\/cufago.com.br\/site\/wp-content\/uploads\/2022\/04\/cufa-contra-dengue_0001_essej48-600x450.jpg 600w, https:\/\/cufago.com.br\/site\/wp-content\/uploads\/2022\/04\/cufa-contra-dengue_0001_essej48-768x576.jpg 768w, https:\/\/cufago.com.br\/site\/wp-content\/uploads\/2022\/04\/cufa-contra-dengue_0001_essej48.jpg 800w\" sizes=\"(max-width: 800px) 100vw, 800px\" \/><\/div><\/div><\/li><li class=\"fusion-carousel-item\"><div class=\"fusion-carousel-item-wrapper\"><div class=\"fusion-image-wrapper hover-type-zoomin\"><img width=\"800\" height=\"600\" src=\"https:\/\/cufago.com.br\/site\/wp-content\/uploads\/2022\/04\/cufa-contra-dengue_0000_nr4a41d.jpg\" class=\"attachment-full size-full\" alt=\"\" srcset=\"https:\/\/cufago.com.br\/site\/wp-content\/uploads\/2022\/04\/cufa-contra-dengue_0000_nr4a41d-200x150.jpg 200w, https:\/\/cufago.com.br\/site\/wp-content\/uploads\/2022\/04\/cufa-contra-dengue_0000_nr4a41d-300x225.jpg 300w, https:\/\/cufago.com.br\/site\/wp-content\/uploads\/2022\/04\/cufa-contra-dengue_0000_nr4a41d-400x300.jpg 400w, https:\/\/cufago.com.br\/site\/wp-content\/uploads\/2022\/04\/cufa-contra-dengue_0000_nr4a41d-600x450.jpg 600w, https:\/\/cufago.com.br\/site\/wp-content\/uploads\/2022\/04\/cufa-contra-dengue_0000_nr4a41d-768x576.jpg 768w, https:\/\/cufago.com.br\/site\/wp-content\/uploads\/2022\/04\/cufa-contra-dengue_0000_nr4a41d.jpg 800w\" sizes=\"(max-width: 800px) 100vw, 800px\" \/><\/div><\/div><\/li><\/ul><div class=\"fusion-carousel-nav\"><span class=\"fusion-nav-prev\"><\/span><span class=\"fusion-nav-next\"><\/span><\/div><\/div><\/div><\/div><\/div><\/div><style type=\"text\/css\">.fusion-body .fusion-builder-column-0{width:40% !important;margin-top : 3%;margin-bottom : 40px;}.fusion-builder-column-0 > .fusion-column-wrapper {padding-top : 0 !important;padding-right : 0px !important;margin-right : 4.8%;padding-bottom : 0px !important;padding-left : 0px !important;margin-left : 4.8%;}@media only screen and (max-width:1024px) {.fusion-body .fusion-builder-column-0{width:100% !important;order : 0;}.fusion-builder-column-0 > .fusion-column-wrapper {margin-right : 1.92%;margin-left : 1.92%;}}@media only screen and (max-width:640px) {.fusion-body .fusion-builder-column-0{width:100% !important;order : 0;}.fusion-builder-column-0 > .fusion-column-wrapper {margin-right : 1.92%;margin-left : 1.92%;}}<\/style><div class=\"fusion-layout-column fusion_builder_column fusion-builder-column-1 fusion_builder_column_3_5 3_5 fusion-flex-column\"><div class=\"fusion-column-wrapper fusion-flex-justify-content-center fusion-content-layout-column\" style=\"background-position:left top;background-repeat:no-repeat;-webkit-background-size:cover;-moz-background-size:cover;-o-background-size:cover;background-size:cover;padding: 0px 0px 0px 0px;\"><style type=\"text\/css\">@media only screen and (max-width:1024px) {.fusion-title.fusion-title-1{margin-top:30px!important;margin-bottom:20px!important;}}@media only screen and (max-width:640px) {.fusion-title.fusion-title-1{margin-top:10px!important;margin-bottom:20px!important;}}<\/style><div class=\"fusion-title title fusion-title-1 fusion-sep-none fusion-title-text fusion-title-size-three\" style=\"margin-top:30px;margin-bottom:20px;\"><h3 class=\"title-heading-left\" style=\"margin:0;\">PROJETO CUFA CONTRA A DENGUE<\/h3><\/div><div class=\"fusion-text fusion-text-1\"><p>O projeto &#8220;CUFA Contra a Dengue&#8221; tem o objetivo de levar informa\u00e7\u00f5es e agir contra a prolifera\u00e7\u00e3o do mosquito Aedes Aegypt nas casa das pessoas que moram em periferias. Contando com o apoio da secretaria municipal de sa\u00fade local, parceiros da iniciativa privada e lideran\u00e7as locais da CUFA, que conhecem bem o territ\u00f3rio, e os moradores, o projeto bate de porta em porta em busca dos focos para serem combatidos.<\/p>\n<p>Sabemos que durante o per\u00edodo chuvoso no estado de Goi\u00e1s, que vai do m\u00eas de outubro at\u00e9 mar\u00e7o, com algumas exce\u00e7\u00f5es, a aten\u00e7\u00e3o precisa ser redobrada. E entendendo a realidade das pessoas que moram em favelas, onde existem outras prioridades, o projeto nasceu com esse objetivo de redobrar a aten\u00e7\u00e3o ao mosquito da dengue sabendo que ele pode causar muito mal, levando at\u00e9 a morte.<\/p>\n<p>O &#8220;CUFA Contra a Dengue refor\u00e7a a miss\u00e3o da Central \u00danica das Favelas de levar oportunidades \u00e0s pessoas e tamb\u00e9m melhorar a qualidade de vida de quem ali habita. Fica aqui o nosso pedido a todos para zelarem das suas casas, evitando \u00e1gua parada, para que a dengue n\u00e3o afete voc\u00ea, sua fam\u00edlia e sua comunidade.<\/p>\n<\/div><div ><span class=\" fusion-imageframe imageframe-none imageframe-1 hover-type-none\"><a class=\"fusion-no-lightbox\" href=\"https:\/\/cufago.transforme.tech\/doeagora\/contraadengue\" target=\"_blank\" aria-label=\"doacao-forma-de-pagamento-v3\" rel=\"noopener noreferrer\"><img width=\"749\" height=\"141\" src=\"https:\/\/cufago.com.br\/site\/wp-content\/uploads\/2022\/05\/doacao-forma-de-pagamento-v3.png\" class=\"img-responsive wp-image-3187\" srcset=\"https:\/\/cufago.com.br\/site\/wp-content\/uploads\/2022\/05\/doacao-forma-de-pagamento-v3-200x38.png 200w, https:\/\/cufago.com.br\/site\/wp-content\/uploads\/2022\/05\/doacao-forma-de-pagamento-v3-400x75.png 400w, https:\/\/cufago.com.br\/site\/wp-content\/uploads\/2022\/05\/doacao-forma-de-pagamento-v3-600x113.png 600w, https:\/\/cufago.com.br\/site\/wp-content\/uploads\/2022\/05\/doacao-forma-de-pagamento-v3.png 749w\" sizes=\"(max-width: 1024px) 100vw, (max-width: 640px) 100vw, 749px\" \/><\/a><\/span><\/div><\/div><\/div><style type=\"text\/css\">.fusion-body .fusion-builder-column-1{width:60% !important;margin-top : 10px;margin-bottom : 10px;}.fusion-builder-column-1 > .fusion-column-wrapper {padding-top : 0px !important;padding-right : 0px !important;margin-right : 6.4%;padding-bottom : 0px !important;padding-left : 0px !important;margin-left : 3.2%;}@media only screen and (max-width:1024px) {.fusion-body .fusion-builder-column-1{width:100% !important;}.fusion-builder-column-1 > .fusion-column-wrapper {margin-right : 1.92%;margin-left : 1.92%;}}@media only screen and (max-width:640px) {.fusion-body .fusion-builder-column-1{width:100% !important;}.fusion-builder-column-1 > .fusion-column-wrapper {margin-right : 1.92%;margin-left : 1.92%;}}<\/style><\/div><style type=\"text\/css\">.fusion-body .fusion-flex-container.fusion-builder-row-1{ padding-top : 90px;margin-top : 0px;padding-right : 0px;padding-bottom : 3.5%;margin-bottom : 0px;padding-left : 0px;}<\/style><\/div><div class=\"fusion-fullwidth fullwidth-box fusion-builder-row-2 fusion-flex-container nonhundred-percent-fullwidth non-hundred-percent-height-scrolling\" style=\"background-color: #333c4e;background-position: left top;background-repeat: no-repeat;border-width: 0px 0px 0px 0px;border-color:#e7e4e2;border-style:solid;\" ><div class=\"fusion-builder-row fusion-row fusion-flex-align-items-flex-start\" style=\"max-width:calc( 1280px + 0px );margin-left: calc(-0px \/ 2 );margin-right: calc(-0px \/ 2 );\"><div class=\"fusion-layout-column fusion_builder_column fusion-builder-column-2 fusion_builder_column_1_1 1_1 fusion-flex-column fusion-flex-align-self-flex-start fusion-column-no-min-height\"><div class=\"fusion-column-wrapper fusion-flex-justify-content-flex-start fusion-content-layout-column\" style=\"background-position:left top;background-repeat:no-repeat;-webkit-background-size:cover;-moz-background-size:cover;-o-background-size:cover;background-size:cover;padding: 0px 0px 0px 0px;\"><style type=\"text\/css\">.fusion-title.fusion-title-2 svg path{stroke-width:9!important}@media only screen and (max-width:1024px) {.fusion-title.fusion-title-2{margin-top:10px!important;margin-bottom:40px!important;}}@media only screen and (max-width:640px) {.fusion-title.fusion-title-2{margin-top:10px!important;margin-bottom:20px!important;}}<\/style><div class=\"fusion-title title fusion-title-2 fusion-sep-none fusion-title-center fusion-title-highlight fusion-loop-off fusion-highlight-double fusion-title-size-two\" style=\"margin-top:10px;margin-bottom:40px;\" data-highlight=\"double\"><h2 class=\"title-heading-center\" style=\"margin:0;color:#ffffff;\"><span class=\"fusion-highlighted-text-prefix\">Organiza\u00e7\u00e3o reconhecida a mais<\/span> <span class=\"fusion-highlighted-text-wrapper\"><span class=\"fusion-highlighted-text\" style=\"color:#f09a3e;\">de 25 anos,<\/span><\/span> <span class=\"fusion-highlighted-text-postfix\"> nacional e internacionalmente.<\/span><\/h2><\/div><div class=\"fusion-separator fusion-full-width-sep\" style=\"align-self: center;margin-left: auto;margin-right: auto;margin-top:-25px;width:100%;\"><\/div><div class=\"fusion-text fusion-text-2\"><p style=\"text-align: center; font-size: 20px;\">Cufa Goi\u00e1s a plataforma de potencializar as favelas.<\/p>\n<p style=\"text-align: center; font-size: 20px;\">Favela n\u00e3o \u00e9 car\u00eancia, favela \u00e9 pot\u00eancia.<\/p>\n<\/div><div class=\"fusion-separator fusion-full-width-sep\" style=\"align-self: center;margin-left: auto;margin-right: auto;margin-top:15px;width:100%;\"><\/div><\/div><\/div><style type=\"text\/css\">.fusion-body .fusion-builder-column-2{width:100% !important;margin-top : 3%;margin-bottom : 3%;}.fusion-builder-column-2 > .fusion-column-wrapper {padding-top : 0px !important;padding-right : 0px !important;margin-right : 0px;padding-bottom : 0px !important;padding-left : 0px !important;margin-left : 0px;}@media only screen and (max-width:1024px) {.fusion-body .fusion-builder-column-2{width:100% !important;}.fusion-builder-column-2 > .fusion-column-wrapper {margin-right : 0px;margin-left : 0px;}}@media only screen and (max-width:640px) {.fusion-body .fusion-builder-column-2{width:100% !important;}.fusion-builder-column-2 > .fusion-column-wrapper {margin-right : 0px;margin-left : 0px;}}<\/style><\/div><style type=\"text\/css\">.fusion-body .fusion-flex-container.fusion-builder-row-2{ padding-top : 50px;margin-top : 0px;padding-right : 0px;padding-bottom : 45px;margin-bottom : 0px;padding-left : 0px;}@media only screen and (max-width:640px) {.fusion-body .fusion-flex-container.fusion-builder-row-2{ padding-right : 50px;padding-left : 50px;}}<\/style><\/div>\n<\/p>\n","protected":false},"excerpt":{"rendered":"","protected":false},"author":2,"featured_media":0,"parent":0,"menu_order":0,"comment_status":"closed","ping_status":"closed","template":"100-width.php","meta":[],"_links":{"self":[{"href":"https:\/\/cufago.com.br\/site\/index.php?rest_route=\/wp\/v2\/pages\/2995"}],"collection":[{"href":"https:\/\/cufago.com.br\/site\/index.php?rest_route=\/wp\/v2\/pages"}],"about":[{"href":"https:\/\/cufago.com.br\/site\/index.php?rest_route=\/wp\/v2\/types\/page"}],"author":[{"embeddable":true,"href":"https:\/\/cufago.com.br\/site\/index.php?rest_route=\/wp\/v2\/users\/2"}],"replies":[{"embeddable":true,"href":"https:\/\/cufago.com.br\/site\/index.php?rest_route=%2Fwp%2Fv2%2Fcomments&post=2995"}],"version-history":[{"count":11,"href":"https:\/\/cufago.com.br\/site\/index.php?rest_route=\/wp\/v2\/pages\/2995\/revisions"}],"predecessor-version":[{"id":3190,"href":"https:\/\/cufago.com.br\/site\/index.php?rest_route=\/wp\/v2\/pages\/2995\/revisions\/3190"}],"wp:attachment":[{"href":"https:\/\/cufago.com.br\/site\/index.php?rest_route=%2Fwp%2Fv2%2Fmedia&parent=2995"}],"curies":[{"name":"wp","href":"https:\/\/api.w.org\/{rel}","templated":true}]}}