{"id":5773,"date":"2025-10-21T09:01:49","date_gmt":"2025-10-21T12:01:49","guid":{"rendered":"https:\/\/cufago.com.br\/site\/?page_id=5773"},"modified":"2026-05-11T10:02:59","modified_gmt":"2026-05-11T13:02:59","slug":"taca-das-favelas-go-2026-inscricao-equipe-coordenadores-e-tecnicos-goiania-ou-outras-cidades-de-goias-formulario","status":"publish","type":"page","link":"https:\/\/cufago.com.br\/site\/?page_id=5773","title":{"rendered":"Ta\u00e7a das Favelas GO 2026 &#8211; Inscri\u00e7\u00e3o Equipe, Coordenadores e T\u00e9cnicos (Goi\u00e2nia ou Outras Cidades de Goi\u00e1s) (Formul\u00e1rio)"},"content":{"rendered":"<div class=\"fusion-fullwidth fullwidth-box fusion-builder-row-1 fusion-flex-container nonhundred-percent-fullwidth non-hundred-percent-height-scrolling\" style=\"background-color: rgba(255,255,255,0);background-position: left top;background-repeat: no-repeat;border-width: 0px 0px 0px 0px;border-color:#e7e4e2;border-style:solid;\" ><div class=\"fusion-builder-row fusion-row fusion-flex-align-items-flex-start\" style=\"max-width:1331.2px;margin-left: calc(-4% \/ 2 );margin-right: calc(-4% \/ 2 );\"><div class=\"fusion-layout-column fusion_builder_column fusion-builder-column-0 fusion_builder_column_1_6 1_6 fusion-flex-column fusion-no-small-visibility\"><div class=\"fusion-column-wrapper fusion-flex-justify-content-flex-start fusion-content-layout-column\" style=\"background-position:left top;background-repeat:no-repeat;-webkit-background-size:cover;-moz-background-size:cover;-o-background-size:cover;background-size:cover;padding: 0px 0px 0px 0px;\"><\/div><\/div><style type=\"text\/css\">.fusion-body .fusion-builder-column-0{width:16.6666666667% !important;margin-top : 10px;margin-bottom : 10px;}.fusion-builder-column-0 > .fusion-column-wrapper {padding-top : 0px !important;padding-right : 0px !important;margin-right : 11.52%;padding-bottom : 0px !important;padding-left : 0px !important;margin-left : 11.52%;}@media only screen and (max-width:1024px) {.fusion-body .fusion-builder-column-0{width:100% !important;}.fusion-builder-column-0 > .fusion-column-wrapper {margin-right : 1.92%;margin-left : 1.92%;}}@media only screen and (max-width:640px) {.fusion-body .fusion-builder-column-0{width:100% !important;}.fusion-builder-column-0 > .fusion-column-wrapper {margin-right : 1.92%;margin-left : 1.92%;}}<\/style><div class=\"fusion-layout-column fusion_builder_column fusion-builder-column-1 fusion_builder_column_2_3 2_3 fusion-flex-column\"><div class=\"fusion-column-wrapper fusion-flex-justify-content-flex-start fusion-content-layout-column\" style=\"background-position:left top;background-repeat:no-repeat;-webkit-background-size:cover;-moz-background-size:cover;-o-background-size:cover;background-size:cover;padding: 0px 0px 0px 0px;\"><div style=\"text-align:center;\"><span class=\" fusion-imageframe imageframe-none imageframe-1 hover-type-none\" style=\"margin-bottom:32px;\"><img width=\"103\" height=\"103\" title=\"logo-taca-das-favelas-go-v1\" src=\"https:\/\/cufago.com.br\/site\/wp-content\/uploads\/2025\/01\/logo-taca-das-favelas-go-v1.png\" class=\"img-responsive wp-image-5460\"\/><\/span><\/div><style type=\"text\/css\">@media only screen and (max-width:1024px) {.fusion-title.fusion-title-1{margin-top:0px!important;margin-bottom:20px!important;}}@media only screen and (max-width:640px) {.fusion-title.fusion-title-1{margin-top:10px!important;margin-bottom:20px!important;}}<\/style><div class=\"fusion-title title fusion-title-1 fusion-sep-none fusion-title-center fusion-title-text fusion-title-size-two\" style=\"margin-top:0px;margin-bottom:20px;\"><h2 class=\"title-heading-center\" style=\"margin:0;\"><p>INSCRI\u00c7\u00c3O PARA EQUIPES<\/p>\n<p>TA\u00c7A DAS FAVELAS GO 2026 &#8211; S\u00c9RIE A<\/p><\/h2><\/div><div class=\"fusion-text fusion-text-1\" style=\"text-align:center;font-size:20px;\"><p>Poder\u00e3o se inscrever equipes de periferias de Goi\u00e2nia e de outras cidades de Goi\u00e1s.<br \/>\nPreencha o formul\u00e1rio e envie sua inscri\u00e7\u00e3o<\/p>\n<\/div><div class=\"fusion-separator\" style=\"align-self: center;margin-left: auto;margin-right: auto;margin-top:15px;margin-bottom:35px;width:100%;max-width:170px;\"><div class=\"fusion-separator-border sep-single sep-solid\" style=\"border-color:#ef9a3d;border-top-width:1px;\"><\/div><\/div><style type=\"text\/css\">@media only screen and (max-width:1024px) {.fusion-title.fusion-title-2{margin-top:10px!important;margin-bottom:20px!important;}}@media only screen and (max-width:640px) {.fusion-title.fusion-title-2{margin-top:10px!important;margin-bottom:20px!important;}}<\/style><div class=\"fusion-title title fusion-title-2 fusion-sep-none fusion-title-center fusion-title-text fusion-title-size-two\" style=\"margin-top:10px;margin-bottom:20px;\"><h2 class=\"title-heading-center\" style=\"margin:0;color:#f44336;\">INSCRI\u00c7\u00d5ES ENCERRADAS<\/h2><\/div><\/div><\/div><style type=\"text\/css\">.fusion-body .fusion-builder-column-1{width:66.6666666667% !important;margin-top : 10px;margin-bottom : 30px;}.fusion-builder-column-1 > .fusion-column-wrapper {padding-top : 0px !important;padding-right : 0px !important;margin-right : 2.88%;padding-bottom : 0px !important;padding-left : 0px !important;margin-left : 2.88%;}@media only screen and (max-width:1024px) {.fusion-body .fusion-builder-column-1{width:100% !important;}.fusion-builder-column-1 > .fusion-column-wrapper {margin-right : 1.92%;margin-left : 1.92%;}}@media only screen and (max-width:640px) {.fusion-body .fusion-builder-column-1{width:100% !important;}.fusion-builder-column-1 > .fusion-column-wrapper {margin-right : 1.92%;margin-left : 1.92%;}}<\/style><div class=\"fusion-layout-column fusion_builder_column fusion-builder-column-2 fusion_builder_column_1_6 1_6 fusion-flex-column fusion-no-small-visibility\"><div class=\"fusion-column-wrapper fusion-flex-justify-content-flex-start fusion-content-layout-column\" style=\"background-position:left top;background-repeat:no-repeat;-webkit-background-size:cover;-moz-background-size:cover;-o-background-size:cover;background-size:cover;padding: 0px 0px 0px 0px;\"><div class=\"fusion-separator fusion-full-width-sep\" style=\"align-self: center;margin-left: auto;margin-right: auto;margin-top:20px;width:100%;\"><\/div><\/div><\/div><style type=\"text\/css\">.fusion-body .fusion-builder-column-2{width:16.6666666667% !important;margin-top : 10px;margin-bottom : 10px;}.fusion-builder-column-2 > .fusion-column-wrapper {padding-top : 0px !important;padding-right : 0px !important;margin-right : 11.52%;padding-bottom : 0px !important;padding-left : 0px !important;margin-left : 11.52%;}@media only screen and (max-width:1024px) {.fusion-body .fusion-builder-column-2{width:100% !important;}.fusion-builder-column-2 > .fusion-column-wrapper {margin-right : 1.92%;margin-left : 1.92%;}}@media only screen and (max-width:640px) {.fusion-body .fusion-builder-column-2{width:100% !important;}.fusion-builder-column-2 > .fusion-column-wrapper {margin-right : 1.92%;margin-left : 1.92%;}}<\/style><\/div><style type=\"text\/css\">.fusion-body .fusion-flex-container.fusion-builder-row-1{ padding-top : 90px;margin-top : 0px;padding-right : 0px;padding-bottom : 40px;margin-bottom : 0px;padding-left : 0px;}@media only screen and (max-width:1024px) {.fusion-body .fusion-flex-container.fusion-builder-row-1{ padding-top : 60px;}}<\/style><\/div>\n","protected":false},"excerpt":{"rendered":"","protected":false},"author":2,"featured_media":0,"parent":0,"menu_order":0,"comment_status":"closed","ping_status":"closed","template":"100-width.php","meta":[],"_links":{"self":[{"href":"https:\/\/cufago.com.br\/site\/index.php?rest_route=\/wp\/v2\/pages\/5773"}],"collection":[{"href":"https:\/\/cufago.com.br\/site\/index.php?rest_route=\/wp\/v2\/pages"}],"about":[{"href":"https:\/\/cufago.com.br\/site\/index.php?rest_route=\/wp\/v2\/types\/page"}],"author":[{"embeddable":true,"href":"https:\/\/cufago.com.br\/site\/index.php?rest_route=\/wp\/v2\/users\/2"}],"replies":[{"embeddable":true,"href":"https:\/\/cufago.com.br\/site\/index.php?rest_route=%2Fwp%2Fv2%2Fcomments&post=5773"}],"version-history":[{"count":7,"href":"https:\/\/cufago.com.br\/site\/index.php?rest_route=\/wp\/v2\/pages\/5773\/revisions"}],"predecessor-version":[{"id":5964,"href":"https:\/\/cufago.com.br\/site\/index.php?rest_route=\/wp\/v2\/pages\/5773\/revisions\/5964"}],"wp:attachment":[{"href":"https:\/\/cufago.com.br\/site\/index.php?rest_route=%2Fwp%2Fv2%2Fmedia&parent=5773"}],"curies":[{"name":"wp","href":"https:\/\/api.w.org\/{rel}","templated":true}]}}