{"id":5838,"date":"2025-11-11T09:35:32","date_gmt":"2025-11-11T12:35:32","guid":{"rendered":"https:\/\/cufago.com.br\/site\/?page_id=5838"},"modified":"2026-05-04T08:51:42","modified_gmt":"2026-05-04T11:51:42","slug":"taca-das-favelas-go-2026-inscricao-jogadores-goiania-ou-outras-cidades-de-goias-formulario","status":"publish","type":"page","link":"https:\/\/cufago.com.br\/site\/?page_id=5838","title":{"rendered":"Ta\u00e7a das Favelas GO 2026 &#8211; Inscri\u00e7\u00e3o Jogadores (Goi\u00e2nia ou Outras Cidades de Goi\u00e1s) (Formul\u00e1rio)"},"content":{"rendered":"<div class=\"fusion-fullwidth fullwidth-box fusion-builder-row-1 fusion-flex-container nonhundred-percent-fullwidth non-hundred-percent-height-scrolling\" style=\"background-color: rgba(255,255,255,0);background-position: left top;background-repeat: no-repeat;border-width: 0px 0px 0px 0px;border-color:#e7e4e2;border-style:solid;\" ><div class=\"fusion-builder-row fusion-row fusion-flex-align-items-flex-start\" style=\"max-width:1331.2px;margin-left: calc(-4% \/ 2 );margin-right: calc(-4% \/ 2 );\"><div class=\"fusion-layout-column fusion_builder_column fusion-builder-column-0 fusion_builder_column_1_6 1_6 fusion-flex-column fusion-no-small-visibility\"><div class=\"fusion-column-wrapper fusion-flex-justify-content-flex-start fusion-content-layout-column\" style=\"background-position:left top;background-repeat:no-repeat;-webkit-background-size:cover;-moz-background-size:cover;-o-background-size:cover;background-size:cover;padding: 0px 0px 0px 0px;\"><\/div><\/div><style type=\"text\/css\">.fusion-body .fusion-builder-column-0{width:16.6666666667% !important;margin-top : 10px;margin-bottom : 10px;}.fusion-builder-column-0 > .fusion-column-wrapper {padding-top : 0px !important;padding-right : 0px !important;margin-right : 11.52%;padding-bottom : 0px !important;padding-left : 0px !important;margin-left : 11.52%;}@media only screen and (max-width:1024px) {.fusion-body .fusion-builder-column-0{width:100% !important;}.fusion-builder-column-0 > .fusion-column-wrapper {margin-right : 1.92%;margin-left : 1.92%;}}@media only screen and (max-width:640px) {.fusion-body .fusion-builder-column-0{width:100% !important;}.fusion-builder-column-0 > .fusion-column-wrapper {margin-right : 1.92%;margin-left : 1.92%;}}<\/style><div class=\"fusion-layout-column fusion_builder_column fusion-builder-column-1 fusion_builder_column_2_3 2_3 fusion-flex-column\"><div class=\"fusion-column-wrapper fusion-flex-justify-content-flex-start fusion-content-layout-column\" style=\"background-position:left top;background-repeat:no-repeat;-webkit-background-size:cover;-moz-background-size:cover;-o-background-size:cover;background-size:cover;padding: 0px 0px 0px 0px;\"><div style=\"text-align:center;\"><span class=\" fusion-imageframe imageframe-none imageframe-1 hover-type-none\" style=\"margin-bottom:32px;\"><img width=\"103\" height=\"103\" title=\"logo-taca-das-favelas-go-v1\" src=\"https:\/\/cufago.com.br\/site\/wp-content\/uploads\/2025\/01\/logo-taca-das-favelas-go-v1.png\" class=\"img-responsive wp-image-5460\"\/><\/span><\/div><style type=\"text\/css\">@media only screen and (max-width:1024px) {.fusion-title.fusion-title-1{margin-top:0px!important;margin-bottom:20px!important;}}@media only screen and (max-width:640px) {.fusion-title.fusion-title-1{margin-top:10px!important;margin-bottom:20px!important;}}<\/style><div class=\"fusion-title title fusion-title-1 fusion-sep-none fusion-title-center fusion-title-text fusion-title-size-two\" style=\"margin-top:0px;margin-bottom:20px;\"><h2 class=\"title-heading-center\" style=\"margin:0;\"><p>INSCRI\u00c7\u00c3O PARA JOGADORES E JOGADORAS<\/p>\n<p>TA\u00c7A DAS FAVELAS GO 2026<\/p><\/h2><\/div><div class=\"fusion-text fusion-text-1\" style=\"text-align:center;font-size:20px;\"><p>Poder\u00e3o se inscrever jogadores de periferias de Goi\u00e2nia e de outras cidades de Goi\u00e1s.<br \/>\nPreencha o formul\u00e1rio e envie sua inscri\u00e7\u00e3o<\/p>\n<\/div><div class=\"fusion-separator\" style=\"align-self: center;margin-left: auto;margin-right: auto;margin-top:15px;margin-bottom:35px;width:100%;max-width:170px;\"><div class=\"fusion-separator-border sep-single sep-solid\" style=\"border-color:#ef9a3d;border-top-width:1px;\"><\/div><\/div><div role=\"form\" class=\"wpcf7\" id=\"wpcf7-f5837-o1\" lang=\"pt-BR\" dir=\"ltr\">\n<div class=\"screen-reader-response\"><p role=\"status\" aria-live=\"polite\" aria-atomic=\"true\"><\/p> <ul><\/ul><\/div>\n<form action=\"\/site\/index.php?rest_route=%2Fwp%2Fv2%2Fpages%2F5838#wpcf7-f5837-o1\" method=\"post\" class=\"wpcf7-form init\" novalidate=\"novalidate\" data-status=\"init\">\n<div style=\"display: none;\">\n<input type=\"hidden\" name=\"_wpcf7\" value=\"5837\" \/>\n<input type=\"hidden\" name=\"_wpcf7_version\" value=\"5.4.2\" \/>\n<input type=\"hidden\" name=\"_wpcf7_locale\" value=\"pt_BR\" \/>\n<input type=\"hidden\" name=\"_wpcf7_unit_tag\" value=\"wpcf7-f5837-o1\" \/>\n<input type=\"hidden\" name=\"_wpcf7_container_post\" value=\"0\" \/>\n<input type=\"hidden\" name=\"_wpcf7_posted_data_hash\" value=\"\" \/>\n<\/div>\n<p><script>\n document.addEventListener('wpcf7mailsent', function (Event) {\n   location = 'https:\/\/cufago.com.br\/site\/?page_id=5840';\n }, false);\n<\/script><\/p>\n<p><b>Para validar sua inscri\u00e7\u00e3o, antes de enviar este formul\u00e1rio \u00e9 preciso seguir o passo-a-passo abaixo:<\/b><\/p>\n<p><b>PASSO 1 - SEGUIR OS PERFIS ABAIXO NO INSTAGRAM E SE INSCREVER NO CANAL DO YOUTUBE:<\/b><br \/>\nINSTAGRAM: <a href=\"https:\/\/www.instagram.com\/brenorlcardoso\/\" target=\"_blank\">@brenorlcardoso<\/a> | <a href=\"https:\/\/www.instagram.com\/cufagooficial\/\" target=\"_blank\">@cufagooficial<\/a> | <a href=\"https:\/\/www.secure.instagram.com\/tacadasfavelasgo\/\" target=\"_blank\">@tacadasfavelasgo<\/a><br \/>\nYOUTUBE: <a href=\"https:\/\/www.youtube.com\/@Cufagooficial\" target=\"_blank\">Cufa GO Oficial (Canal Oficial dos Eventos da Ta\u00e7a das Favelas GO 2026)<\/a><\/p>\n<p><b>PASSO 2 - ENTRAR NO GRUPO DO WHATSAPP ATRAV\u00c9S DO LINK ABAIXO:<\/b><br \/>\n<a href=\"https:\/\/chat.whatsapp.com\/DdIaLN6t7EW6x64WS1Kc6a?mode=wwt\" target=\"_blank\">JOGADORES INSCRITOS<\/a><\/p>\n<p><b>PASSO 3 - PREENCHER O FORMUL\u00c1RIO E ENVIAR A INSCRI\u00c7\u00c3O<\/b><\/p>\n<p><b>1. DADOS DO JOGADOR:<\/b><br \/>\n<label> Nome*<br \/>\n    <span class=\"wpcf7-form-control-wrap nome-jogador\"><input type=\"text\" name=\"nome-jogador\" value=\"\" size=\"40\" class=\"wpcf7-form-control wpcf7-text wpcf7-validates-as-required\" aria-required=\"true\" aria-invalid=\"false\" \/><\/span> <\/label><\/p>\n<p><label> N\u00famero CPF*<br \/>\n    <span class=\"wpcf7-form-control-wrap num-cpf-jogador\"><input type=\"text\" name=\"num-cpf-jogador\" value=\"\" size=\"40\" class=\"wpcf7-form-control wpcf7-text wpcf7-validates-as-required\" aria-required=\"true\" aria-invalid=\"false\" \/><\/span> <\/label><\/p>\n<p><label> N\u00famero RG*<br \/>\n    <span class=\"wpcf7-form-control-wrap num-rg-jogador\"><input type=\"text\" name=\"num-rg-jogador\" value=\"\" size=\"40\" class=\"wpcf7-form-control wpcf7-text wpcf7-validates-as-required\" aria-required=\"true\" aria-invalid=\"false\" \/><\/span> <\/label><\/p>\n<p><label> Data de Nascimento*<br \/>\n    <span class=\"wpcf7-form-control-wrap dtnascimento-jogador\"><input type=\"date\" name=\"dtnascimento-jogador\" value=\"\" class=\"wpcf7-form-control wpcf7-date wpcf7-validates-as-required wpcf7-validates-as-date\" aria-required=\"true\" aria-invalid=\"false\" \/><\/span> <\/label><\/p>\n<p><label> Endere\u00e7o onde reside*<br \/>\n    <span class=\"wpcf7-form-control-wrap endereco-jogador\"><input type=\"text\" name=\"endereco-jogador\" value=\"\" size=\"40\" class=\"wpcf7-form-control wpcf7-text wpcf7-validates-as-required\" aria-required=\"true\" aria-invalid=\"false\" \/><\/span> <\/label><\/p>\n<p><label> Comunidade*<br \/>\n    <span class=\"wpcf7-form-control-wrap comunidade-jogador\"><select name=\"comunidade-jogador\" class=\"wpcf7-form-control wpcf7-select wpcf7-validates-as-required\" aria-required=\"true\" aria-invalid=\"false\"><option value=\"\">---<\/option><option value=\"CAMPO FORMOSO - MASCULINO\">CAMPO FORMOSO - MASCULINO<\/option><option value=\"CAMPOS ELISIOS - MASCULINO\">CAMPOS ELISIOS - MASCULINO<\/option><option value=\"C\u00c9U AZUL - MASCULINO\">C\u00c9U AZUL - MASCULINO<\/option><option value=\"ELI FORTE - MASCULINO\">ELI FORTE - MASCULINO<\/option><option value=\"GENTIL MEIRELES - MASCULINO\">GENTIL MEIRELES - MASCULINO<\/option><option value=\"INDEPEND\u00caNCIA MANS\u00d5ES - MASCULINO\">INDEPEND\u00caNCIA MANS\u00d5ES - MASCULINO<\/option><option value=\"IPANEMA - MASCULINO\">IPANEMA - MASCULINO<\/option><option value=\"JARDIM DAS OLIVEIRAS - MASCULINO\">JARDIM DAS OLIVEIRAS - MASCULINO<\/option><option value=\"JARDIM DAS PEROBEIRAS - MASCULINO\">JARDIM DAS PEROBEIRAS - MASCULINO<\/option><option value=\"JARDIM DO LAGO - MASCULINO\">JARDIM DO LAGO - MASCULINO<\/option><option value=\"JARDIM FREI WALTER - MASCULINO\">JARDIM FREI WALTER - MASCULINO<\/option><option value=\"JARDIM ORIENTE - MASCULINO\">JARDIM ORIENTE - MASCULINO<\/option><option value=\"NOVA ABADIA - MASCULINO\">NOVA ABADIA - MASCULINO<\/option><option value=\"NOVO MUNDO - MASCULINO\">NOVO MUNDO - MASCULINO<\/option><option value=\"ORLANDO DE MORAIS - MASCULINO\">ORLANDO DE MORAIS - MASCULINO<\/option><option value=\"PARQUE DA COLINA - MASCULINO\">PARQUE DA COLINA - MASCULINO<\/option><option value=\"PARQUE DAS LARANJEIRAS - MASCULINO\">PARQUE DAS LARANJEIRAS - MASCULINO<\/option><option value=\"PEDRO LUDOVICO - MASCULINO\">PEDRO LUDOVICO - MASCULINO<\/option><option value=\"QUILOMBOLA BOA NOVA - MASCULINO\">QUILOMBOLA BOA NOVA - MASCULINO<\/option><option value=\"RESIDENCIAL ITAIPU - MASCULINO\">RESIDENCIAL ITAIPU - MASCULINO<\/option><option value=\"S\u00c3O GER\u00d4NIMO - MASCULINO\">S\u00c3O GER\u00d4NIMO - MASCULINO<\/option><option value=\"SETOR LIMA - MASCULINO\">SETOR LIMA - MASCULINO<\/option><option value=\"VALE DO AMANHECER - MASCULINO\">VALE DO AMANHECER - MASCULINO<\/option><option value=\"VALE DOS SONHOS - MASCULINO\">VALE DOS SONHOS - MASCULINO<\/option><option value=\"VILA ALTO DA GL\u00d3RIA - MASCULINO\">VILA ALTO DA GL\u00d3RIA - MASCULINO<\/option><option value=\"VILA DE FURNAS - MASCULINO\">VILA DE FURNAS - MASCULINO<\/option><option value=\"VILA ISABEL - MASCULINO\">VILA ISABEL - MASCULINO<\/option><option value=\"VILA ITATIAIA - MASCULINO\">VILA ITATIAIA - MASCULINO<\/option><option value=\"VILA MUTIR\u00c3O - MASCULINO\">VILA MUTIR\u00c3O - MASCULINO<\/option><option value=\"VILA UNI\u00c3O - MASCULINO\">VILA UNI\u00c3O - MASCULINO<\/option><option value=\"VILLA ROMANA - MASCULINO\">VILLA ROMANA - MASCULINO<\/option><option value=\"CAROLINA-PARQUE - FEMININO\">CAROLINA-PARQUE - FEMININO<\/option><option value=\"C\u00c9U AZUL - FEMININO\">C\u00c9U AZUL - FEMININO<\/option><option value=\"CIDADE NOVA - FEMININO\">CIDADE NOVA - FEMININO<\/option><option value=\"FORMOSINHA - FEMININO\">FORMOSINHA - FEMININO<\/option><option value=\"GENTIL MEIRELLES - FEMININO\">GENTIL MEIRELLES - FEMININO<\/option><option value=\"IPANEMA - FEMININO\">IPANEMA - FEMININO<\/option><option value=\"JARDIM GUANABARA - FEMININO\">JARDIM GUANABARA - FEMININO<\/option><option value=\"LOS ANGELES - FEMININO\">LOS ANGELES - FEMININO<\/option><option value=\"MORUMBI - FEMININO\">MORUMBI - FEMININO<\/option><option value=\"PARQUE ATHENEU - FEMININO\">PARQUE ATHENEU - FEMININO<\/option><option value=\"PONTAKAYANA - FEMININO\">PONTAKAYANA - FEMININO<\/option><option value=\"QUILOMBOLA BACO PARI POSSE-GOI\u00c1S - FEMININO\">QUILOMBOLA BACO PARI POSSE-GOI\u00c1S - FEMININO<\/option><option value=\"QUILOMBOLA EMA - FEMININO\">QUILOMBOLA EMA - FEMININO<\/option><option value=\"RESIDENCIAL ITAIPU - FEMININO\">RESIDENCIAL ITAIPU - FEMININO<\/option><option value=\"RESIDENCIAL TRIUNFO - FEMININO\">RESIDENCIAL TRIUNFO - FEMININO<\/option><option value=\"SAN DIEGO - FEMININO\">SAN DIEGO - FEMININO<\/option><option value=\"SETOR LIMA - FEMININO\">SETOR LIMA - FEMININO<\/option><option value=\"SOLAR BOUGAINVILLE - FEMININO\">SOLAR BOUGAINVILLE - FEMININO<\/option><option value=\"VALE DOS SONHOS - FEMININO\">VALE DOS SONHOS - FEMININO<\/option><option value=\"VILA CANA\u00c3 - FEMININO\">VILA CANA\u00c3 - FEMININO<\/option><option value=\"VILA SANTA HELENA - FEMININO\">VILA SANTA HELENA - FEMININO<\/option><option value=\"OUTROS\">OUTROS<\/option><\/select><\/span> <\/label><\/p>\n<p><label> Cidade onde reside*<br \/>\n    <span class=\"wpcf7-form-control-wrap cidade-jogador\"><input type=\"text\" name=\"cidade-jogador\" value=\"\" size=\"40\" class=\"wpcf7-form-control wpcf7-text wpcf7-validates-as-required\" aria-required=\"true\" aria-invalid=\"false\" \/><\/span> <\/label><\/p>\n<p><label> Estado onde reside*<br \/>\n    <span class=\"wpcf7-form-control-wrap estado-jogador\"><select name=\"estado-jogador\" class=\"wpcf7-form-control wpcf7-select wpcf7-validates-as-required\" aria-required=\"true\" aria-invalid=\"false\"><option value=\"\">---<\/option><option value=\"AC\">AC<\/option><option value=\"AL\">AL<\/option><option value=\"AP\">AP<\/option><option value=\"AM\">AM<\/option><option value=\"BA\">BA<\/option><option value=\"CE\">CE<\/option><option value=\"DF\">DF<\/option><option value=\"ES\">ES<\/option><option value=\"GO\">GO<\/option><option value=\"MA\">MA<\/option><option value=\"MT\">MT<\/option><option value=\"MS\">MS<\/option><option value=\"MG\">MG<\/option><option value=\"PA\">PA<\/option><option value=\"PB\">PB<\/option><option value=\"PR\">PR<\/option><option value=\"PE\">PE<\/option><option value=\"PI\">PI<\/option><option value=\"RJ\">RJ<\/option><option value=\"RN\">RN<\/option><option value=\"RS\">RS<\/option><option value=\"RO\">RO<\/option><option value=\"RR\">RR<\/option><option value=\"SC\">SC<\/option><option value=\"SP\">SP<\/option><option value=\"SE\">SE<\/option><option value=\"TO\">TO<\/option><\/select><\/span> <\/label><\/p>\n<p><label> Email*<br \/>\n    <span class=\"wpcf7-form-control-wrap email-jogador\"><input type=\"email\" name=\"email-jogador\" value=\"\" size=\"40\" class=\"wpcf7-form-control wpcf7-text wpcf7-email wpcf7-validates-as-required wpcf7-validates-as-email\" aria-required=\"true\" aria-invalid=\"false\" \/><\/span> <\/label><\/p>\n<p><label> Telefone*<br \/>\n    <span class=\"wpcf7-form-control-wrap telefone-jogador\"><input type=\"tel\" name=\"telefone-jogador\" value=\"\" size=\"40\" class=\"wpcf7-form-control wpcf7-text wpcf7-tel wpcf7-validates-as-required wpcf7-validates-as-tel\" aria-required=\"true\" aria-invalid=\"false\" \/><\/span> <\/label><\/p>\n<p><label> G\u00eanero de disputa*<br \/>\n    <span class=\"wpcf7-form-control-wrap categoria-jogador\"><select name=\"categoria-jogador\" class=\"wpcf7-form-control wpcf7-select wpcf7-validates-as-required\" aria-required=\"true\" aria-invalid=\"false\"><option value=\"\">---<\/option><option value=\"Masculino\">Masculino<\/option><option value=\"Feminino\">Feminino<\/option><\/select><\/span> <\/label><\/p>\n<p><label> Deseja se inscrever para qual cidade?*<br \/>\n    <span class=\"wpcf7-form-control-wrap categoria-cidade\"><select name=\"categoria-cidade\" class=\"wpcf7-form-control wpcf7-select wpcf7-validates-as-required\" aria-required=\"true\" aria-invalid=\"false\"><option value=\"\">---<\/option><option value=\"Goi\u00e2nia\">Goi\u00e2nia<\/option><option value=\"Aparecida de Goi\u00e2nia\">Aparecida de Goi\u00e2nia<\/option><option value=\"Senador Canedo\">Senador Canedo<\/option><option value=\"An\u00e1polis\">An\u00e1polis<\/option><option value=\"Goianira\">Goianira<\/option><option value=\"Sudoeste Goiano\">Sudoeste Goiano<\/option><option value=\"Entorno do DF\">Entorno do DF<\/option><option value=\"Outras Cidades e Regi\u00f5es do Estado\">Outras Cidades e Regi\u00f5es do Estado<\/option><\/select><\/span> <\/label><\/p>\n<p>Leia e confirme:<br \/>\n<span class=\"wpcf7-form-control-wrap declaracao-veracidade\"><span class=\"wpcf7-form-control wpcf7-acceptance\"><span class=\"wpcf7-list-item\"><label><input type=\"checkbox\" name=\"declaracao-veracidade\" value=\"1\" aria-invalid=\"false\" \/><span class=\"wpcf7-list-item-label\">Confirmo que as informa\u00e7\u00f5es enviadas neste formul\u00e1rio s\u00e3o autorizadas por mim \/ por todos os jogadores \/ pelo projeto e consistentes com suas diretrizes.<\/span><\/label><\/span><\/span><\/span><\/p>\n<p><span class=\"wpcf7-form-control-wrap garantia-participacao\"><span class=\"wpcf7-form-control wpcf7-acceptance\"><span class=\"wpcf7-list-item\"><label><input type=\"checkbox\" name=\"garantia-participacao\" value=\"1\" aria-invalid=\"false\" \/><span class=\"wpcf7-list-item-label\">Entendo que esta inscri\u00e7\u00e3o, n\u00e3o garante a participa\u00e7\u00e3o minha e dos meus jogadores no campeonato e, que est\u00e1 sujeita a aprova\u00e7\u00e3o a serem definidas e estabelecida pela equipe organizadora do campeonato e, se formos selecionados teremos que cobrir todas as nossas despesas de deslocamento para o campeonato.<\/span><\/label><\/span><\/span><\/span><\/p>\n<p><span class=\"wpcf7-form-control-wrap autorizacao-uso-dados\"><span class=\"wpcf7-form-control wpcf7-acceptance\"><span class=\"wpcf7-list-item\"><label><input type=\"checkbox\" name=\"autorizacao-uso-dados\" value=\"1\" aria-invalid=\"false\" \/><span class=\"wpcf7-list-item-label\">Tenho ci\u00eancia e, com base na LGPD - Lei Geral de Prote\u00e7\u00e3o de Dados, autorizo que as informa\u00e7\u00f5es cedidas no formul\u00e1rio sejam utilizadas com a finalidade de divulgar a participa\u00e7\u00e3o minha e dos meus jogadores no campeonato, e os dados sens\u00edveis n\u00e3o ser\u00e3o repassados para outras pessoas, empresas e\/ou entidades apoiadoras do campeonato.<\/span><\/label><\/span><\/span><\/span><\/p>\n<p><span class=\"wpcf7-form-control-wrap atestado-liberacao-pratica-esportiva\"><span class=\"wpcf7-form-control wpcf7-acceptance\"><span class=\"wpcf7-list-item\"><label><input type=\"checkbox\" name=\"atestado-liberacao-pratica-esportiva\" value=\"1\" aria-invalid=\"false\" \/><span class=\"wpcf7-list-item-label\">Confirmo estar ciente que ap\u00f3s ser aprovado para os jogos, terei que apresentar atestado de libera\u00e7\u00e3o para pr\u00e1tica esportiva nesta modalidade.<\/span><\/label><\/span><\/span><\/span><\/p>\n<p><span class=\"wpcf7-form-control-wrap ciencia-direito-imagem\"><span class=\"wpcf7-form-control wpcf7-acceptance\"><span class=\"wpcf7-list-item\"><label><input type=\"checkbox\" name=\"ciencia-direito-imagem\" value=\"1\" aria-invalid=\"false\" \/><span class=\"wpcf7-list-item-label\">Confirmo estar ciente que ao me inscrever terei de assinar o termo de direito de uso de imagem nas pr\u00f3ximas etapas da inscri\u00e7\u00e3o.<\/span><\/label><\/span><\/span><\/span><\/p>\n<p><b>*Obs: Voc\u00ea precisa fazer os 3 passos para sua inscri\u00e7\u00e3o estar garantida, caso falte um dos 3 requisitos a sua inscri\u00e7\u00e3o n\u00e3o ser\u00e1 validada.<\/b><\/p>\n<p><input type=\"submit\" value=\"Enviar Inscri\u00e7\u00e3o\" class=\"wpcf7-form-control wpcf7-submit\" \/><\/p>\n<div class=\"fusion-alert alert custom alert-custom fusion-alert-center wpcf7-response-output fusion-alert-capitalize alert-dismissable\" style=\"border-width:1px;\"><button type=\"button\" class=\"close toggle-alert\" data-dismiss=\"alert\" aria-hidden=\"true\">&times;<\/button><div class=\"fusion-alert-content-wrapper\"><span class=\"fusion-alert-content\"><\/span><\/div><\/div><\/form><\/div><\/div><\/div><style type=\"text\/css\">.fusion-body .fusion-builder-column-1{width:66.6666666667% !important;margin-top : 10px;margin-bottom : 30px;}.fusion-builder-column-1 > .fusion-column-wrapper {padding-top : 0px !important;padding-right : 0px !important;margin-right : 2.88%;padding-bottom : 0px !important;padding-left : 0px !important;margin-left : 2.88%;}@media only screen and (max-width:1024px) {.fusion-body .fusion-builder-column-1{width:100% !important;}.fusion-builder-column-1 > .fusion-column-wrapper {margin-right : 1.92%;margin-left : 1.92%;}}@media only screen and (max-width:640px) {.fusion-body .fusion-builder-column-1{width:100% !important;}.fusion-builder-column-1 > .fusion-column-wrapper {margin-right : 1.92%;margin-left : 1.92%;}}<\/style><div class=\"fusion-layout-column fusion_builder_column fusion-builder-column-2 fusion_builder_column_1_6 1_6 fusion-flex-column fusion-no-small-visibility\"><div class=\"fusion-column-wrapper fusion-flex-justify-content-flex-start fusion-content-layout-column\" style=\"background-position:left top;background-repeat:no-repeat;-webkit-background-size:cover;-moz-background-size:cover;-o-background-size:cover;background-size:cover;padding: 0px 0px 0px 0px;\"><div class=\"fusion-separator fusion-full-width-sep\" style=\"align-self: center;margin-left: auto;margin-right: auto;margin-top:20px;width:100%;\"><\/div><\/div><\/div><style type=\"text\/css\">.fusion-body .fusion-builder-column-2{width:16.6666666667% !important;margin-top : 10px;margin-bottom : 10px;}.fusion-builder-column-2 > .fusion-column-wrapper {padding-top : 0px !important;padding-right : 0px !important;margin-right : 11.52%;padding-bottom : 0px !important;padding-left : 0px !important;margin-left : 11.52%;}@media only screen and (max-width:1024px) {.fusion-body .fusion-builder-column-2{width:100% !important;}.fusion-builder-column-2 > .fusion-column-wrapper {margin-right : 1.92%;margin-left : 1.92%;}}@media only screen and (max-width:640px) {.fusion-body .fusion-builder-column-2{width:100% !important;}.fusion-builder-column-2 > .fusion-column-wrapper {margin-right : 1.92%;margin-left : 1.92%;}}<\/style><\/div><style type=\"text\/css\">.fusion-body .fusion-flex-container.fusion-builder-row-1{ padding-top : 90px;margin-top : 0px;padding-right : 0px;padding-bottom : 40px;margin-bottom : 0px;padding-left : 0px;}@media only screen and (max-width:1024px) {.fusion-body .fusion-flex-container.fusion-builder-row-1{ padding-top : 60px;}}<\/style><\/div>\n","protected":false},"excerpt":{"rendered":"","protected":false},"author":2,"featured_media":0,"parent":0,"menu_order":0,"comment_status":"closed","ping_status":"closed","template":"100-width.php","meta":[],"_links":{"self":[{"href":"https:\/\/cufago.com.br\/site\/index.php?rest_route=\/wp\/v2\/pages\/5838"}],"collection":[{"href":"https:\/\/cufago.com.br\/site\/index.php?rest_route=\/wp\/v2\/pages"}],"about":[{"href":"https:\/\/cufago.com.br\/site\/index.php?rest_route=\/wp\/v2\/types\/page"}],"author":[{"embeddable":true,"href":"https:\/\/cufago.com.br\/site\/index.php?rest_route=\/wp\/v2\/users\/2"}],"replies":[{"embeddable":true,"href":"https:\/\/cufago.com.br\/site\/index.php?rest_route=%2Fwp%2Fv2%2Fcomments&post=5838"}],"version-history":[{"count":7,"href":"https:\/\/cufago.com.br\/site\/index.php?rest_route=\/wp\/v2\/pages\/5838\/revisions"}],"predecessor-version":[{"id":5863,"href":"https:\/\/cufago.com.br\/site\/index.php?rest_route=\/wp\/v2\/pages\/5838\/revisions\/5863"}],"wp:attachment":[{"href":"https:\/\/cufago.com.br\/site\/index.php?rest_route=%2Fwp%2Fv2%2Fmedia&parent=5838"}],"curies":[{"name":"wp","href":"https:\/\/api.w.org\/{rel}","templated":true}]}}